{"id":608,"date":"2020-04-13T11:18:52","date_gmt":"2020-04-13T11:18:52","guid":{"rendered":"https:\/\/www.schoenator.com\/index.php\/about-2\/"},"modified":"2021-03-13T10:49:13","modified_gmt":"2021-03-13T10:49:13","slug":"about-2","status":"publish","type":"page","link":"https:\/\/www.schoenator.com\/index.php\/about-2\/","title":{"rendered":"About"},"content":{"rendered":"\t\t<div data-elementor-type=\"wp-page\" data-elementor-id=\"608\" class=\"elementor elementor-608\">\n\t\t\t\t\t\t\t\t\t<section class=\"elementor-section elementor-top-section elementor-element elementor-element-5131a13e elementor-section-boxed elementor-section-height-default elementor-section-height-default\" data-id=\"5131a13e\" data-element_type=\"section\" data-settings=\"{&quot;background_background&quot;:&quot;classic&quot;}\">\n\t\t\t\t\t\t\t<div class=\"elementor-background-overlay\"><\/div>\n\t\t\t\t\t\t\t<div class=\"elementor-container elementor-column-gap-default\">\n\t\t\t\t\t<div class=\"elementor-column elementor-col-100 elementor-top-column elementor-element elementor-element-1053ca7a\" data-id=\"1053ca7a\" data-element_type=\"column\">\n\t\t\t<div class=\"elementor-widget-wrap elementor-element-populated\">\n\t\t\t\t\t\t\t\t<div class=\"elementor-element elementor-element-3d99e122 elementor-widget elementor-widget-heading\" data-id=\"3d99e122\" data-element_type=\"widget\" data-widget_type=\"heading.default\">\n\t\t\t\t<div class=\"elementor-widget-container\">\n\t\t\t<h1 class=\"elementor-heading-title elementor-size-default\">Historie<\/h1>\t\t<\/div>\n\t\t\t\t<\/div>\n\t\t\t\t\t<\/div>\n\t\t<\/div>\n\t\t\t\t\t\t\t<\/div>\n\t\t<\/section>\n\t\t\t\t<section class=\"elementor-section elementor-top-section elementor-element elementor-element-40177ae0 elementor-section-boxed elementor-section-height-default elementor-section-height-default\" data-id=\"40177ae0\" data-element_type=\"section\">\n\t\t\t\t\t\t<div class=\"elementor-container elementor-column-gap-no\">\n\t\t\t\t\t<div class=\"elementor-column elementor-col-50 elementor-top-column elementor-element elementor-element-2828f573\" data-id=\"2828f573\" data-element_type=\"column\">\n\t\t\t<div class=\"elementor-widget-wrap elementor-element-populated\">\n\t\t\t\t\t\t\t\t<div class=\"elementor-element elementor-element-68afc23b elementor-widget elementor-widget-heading\" data-id=\"68afc23b\" data-element_type=\"widget\" data-widget_type=\"heading.default\">\n\t\t\t\t<div class=\"elementor-widget-container\">\n\t\t\t<h2 class=\"elementor-heading-title elementor-size-default\">Sch\u00f6nator 2020<\/h2>\t\t<\/div>\n\t\t\t\t<\/div>\n\t\t\t\t\t<\/div>\n\t\t<\/div>\n\t\t\t\t<div class=\"elementor-column elementor-col-50 elementor-top-column elementor-element elementor-element-48096891\" data-id=\"48096891\" data-element_type=\"column\">\n\t\t\t<div class=\"elementor-widget-wrap elementor-element-populated\">\n\t\t\t\t\t\t\t\t<div class=\"elementor-element elementor-element-44ce5982 elementor-widget elementor-widget-text-editor\" data-id=\"44ce5982\" data-element_type=\"widget\" data-widget_type=\"text-editor.default\">\n\t\t\t\t<div class=\"elementor-widget-container\">\n\t\t\t\t\t\t\t<p>Der erste Sch\u00f6nator fand am 5. April 2020 als Hommage an den ausgefallenen Palmator statt. Diesen ersten Lauf absolvierten neben mir ein Vater mit seinen beiden Kindern. Die weiteren Teilnehmer konzentrierten sich eher \u00a0auf den fl\u00fcssigen Teil des Sch\u00f6nators und \u00fcbten sich im Bockbiertrinken.<\/p><p>Mit diesen \u00fcberw\u00e4ltigenden Eindr\u00fccken und dem gro\u00dfen \u00f6ffentlichen Interesse, geht der Sch\u00f6nator dieses Jahr in seine 2. Runde.<\/p>\t\t\t\t\t\t<\/div>\n\t\t\t\t<\/div>\n\t\t\t\t<div class=\"elementor-element elementor-element-e56ab06 elementor-widget elementor-widget-text-editor\" data-id=\"e56ab06\" data-element_type=\"widget\" data-widget_type=\"text-editor.default\">\n\t\t\t\t<div class=\"elementor-widget-container\">\n\t\t\t\t\t\t\t\t\t\t\t\t\t<\/div>\n\t\t\t\t<\/div>\n\t\t\t\t<div class=\"elementor-element elementor-element-41a203d elementor-widget elementor-widget-text-editor\" data-id=\"41a203d\" data-element_type=\"widget\" data-widget_type=\"text-editor.default\">\n\t\t\t\t<div class=\"elementor-widget-container\">\n\t\t\t\t\t\t\t<p>&#8222;Heute ist die gute alte Zeit von morgen.&#8220;<\/p>\t\t\t\t\t\t<\/div>\n\t\t\t\t<\/div>\n\t\t\t\t<div class=\"elementor-element elementor-element-4ec76f84 elementor-widget elementor-widget-heading\" data-id=\"4ec76f84\" data-element_type=\"widget\" data-widget_type=\"heading.default\">\n\t\t\t\t<div class=\"elementor-widget-container\">\n\t\t\t<h3 class=\"elementor-heading-title elementor-size-medium\">Karl Valentin<\/h3>\t\t<\/div>\n\t\t\t\t<\/div>\n\t\t\t\t\t<\/div>\n\t\t<\/div>\n\t\t\t\t\t\t\t<\/div>\n\t\t<\/section>\n\t\t\t\t<section class=\"elementor-section elementor-top-section elementor-element elementor-element-88095be elementor-section-boxed elementor-section-height-default elementor-section-height-default\" data-id=\"88095be\" data-element_type=\"section\" data-settings=\"{&quot;background_background&quot;:&quot;classic&quot;}\">\n\t\t\t\t\t\t<div class=\"elementor-container elementor-column-gap-no\">\n\t\t\t\t\t<div class=\"elementor-column elementor-col-33 elementor-top-column elementor-element elementor-element-b59566c\" data-id=\"b59566c\" data-element_type=\"column\">\n\t\t\t<div class=\"elementor-widget-wrap elementor-element-populated\">\n\t\t\t\t\t\t\t\t<div class=\"elementor-element elementor-element-22d806f elementor-widget elementor-widget-text-editor\" data-id=\"22d806f\" data-element_type=\"widget\" data-widget_type=\"text-editor.default\">\n\t\t\t\t<div class=\"elementor-widget-container\">\n\t\t\t\t\t\t\t\t\t\t\t\t\t<\/div>\n\t\t\t\t<\/div>\n\t\t\t\t\t<\/div>\n\t\t<\/div>\n\t\t\t\t<div class=\"elementor-column elementor-col-33 elementor-top-column elementor-element elementor-element-bca9a20\" data-id=\"bca9a20\" data-element_type=\"column\">\n\t\t\t<div class=\"elementor-widget-wrap elementor-element-populated\">\n\t\t\t\t\t\t\t\t<div class=\"elementor-element elementor-element-ccbd346 elementor-widget elementor-widget-text-editor\" data-id=\"ccbd346\" data-element_type=\"widget\" data-widget_type=\"text-editor.default\">\n\t\t\t\t<div class=\"elementor-widget-container\">\n\t\t\t\t\t\t\t\t\t\t\t\t\t<\/div>\n\t\t\t\t<\/div>\n\t\t\t\t\t<\/div>\n\t\t<\/div>\n\t\t\t\t<div class=\"elementor-column elementor-col-33 elementor-top-column elementor-element elementor-element-6b0d72f\" data-id=\"6b0d72f\" data-element_type=\"column\">\n\t\t\t<div class=\"elementor-widget-wrap elementor-element-populated\">\n\t\t\t\t\t\t\t\t<div class=\"elementor-element elementor-element-9f92279 elementor-icon-list--layout-traditional elementor-list-item-link-full_width elementor-widget elementor-widget-icon-list\" data-id=\"9f92279\" data-element_type=\"widget\" data-widget_type=\"icon-list.default\">\n\t\t\t\t<div class=\"elementor-widget-container\">\n\t\t\t\t\t<ul class=\"elementor-icon-list-items\">\n\t\t\t\t\t\t\t<li class=\"elementor-icon-list-item\">\n\t\t\t\t\t\t\t\t\t\t<span class=\"elementor-icon-list-text\"><\/span>\n\t\t\t\t\t\t\t\t\t<\/li>\n\t\t\t\t\t\t<\/ul>\n\t\t\t\t<\/div>\n\t\t\t\t<\/div>\n\t\t\t\t\t<\/div>\n\t\t<\/div>\n\t\t\t\t\t\t\t<\/div>\n\t\t<\/section>\n\t\t\t\t\t\t\t<\/div>\n\t\t","protected":false},"excerpt":{"rendered":"<p>Historie Sch\u00f6nator 2020 Der erste Sch\u00f6nator fand am 5. April 2020 als Hommage an den ausgefallenen Palmator statt. Diesen ersten Lauf absolvierten neben mir ein Vater mit seinen beiden Kindern. Die weiteren Teilnehmer konzentrierten sich eher \u00a0auf den fl\u00fcssigen Teil des Sch\u00f6nators und \u00fcbten sich im Bockbiertrinken. Mit diesen \u00fcberw\u00e4ltigenden Eindr\u00fccken und dem gro\u00dfen \u00f6ffentlichen &hellip;<\/p>\n<p class=\"read-more\"> <a class=\"\" href=\"https:\/\/www.schoenator.com\/index.php\/about-2\/\"> <span class=\"screen-reader-text\">About<\/span> Weiterlesen &raquo;<\/a><\/p>\n","protected":false},"author":1,"featured_media":0,"parent":0,"menu_order":0,"comment_status":"closed","ping_status":"closed","template":"","meta":{"footnotes":""},"class_list":["post-608","page","type-page","status-publish","hentry"],"yoast_head":"<!-- This site is optimized with the Yoast SEO plugin v20.1 - https:\/\/yoast.com\/wordpress\/plugins\/seo\/ -->\n<title>About - Der Sch\u00f6nator<\/title>\n<meta name=\"robots\" content=\"index, follow, max-snippet:-1, max-image-preview:large, max-video-preview:-1\" \/>\n<link rel=\"canonical\" href=\"https:\/\/www.schoenator.com\/index.php\/about-2\/\" \/>\n<meta property=\"og:locale\" content=\"de_DE\" \/>\n<meta property=\"og:type\" content=\"article\" \/>\n<meta property=\"og:title\" content=\"About - Der Sch\u00f6nator\" \/>\n<meta property=\"og:description\" content=\"Historie Sch\u00f6nator 2020 Der erste Sch\u00f6nator fand am 5. April 2020 als Hommage an den ausgefallenen Palmator statt. Diesen ersten Lauf absolvierten neben mir ein Vater mit seinen beiden Kindern. Die weiteren Teilnehmer konzentrierten sich eher \u00a0auf den fl\u00fcssigen Teil des Sch\u00f6nators und \u00fcbten sich im Bockbiertrinken. Mit diesen \u00fcberw\u00e4ltigenden Eindr\u00fccken und dem gro\u00dfen \u00f6ffentlichen &hellip; About Weiterlesen &raquo;\" \/>\n<meta property=\"og:url\" content=\"https:\/\/www.schoenator.com\/index.php\/about-2\/\" \/>\n<meta property=\"og:site_name\" content=\"Der Sch\u00f6nator\" \/>\n<meta property=\"article:modified_time\" content=\"2021-03-13T10:49:13+00:00\" \/>\n<meta name=\"twitter:card\" content=\"summary_large_image\" \/>\n<meta name=\"twitter:label1\" content=\"Gesch\u00e4tzte Lesezeit\" \/>\n\t<meta name=\"twitter:data1\" content=\"1\u00a0Minute\" \/>\n<script type=\"application\/ld+json\" class=\"yoast-schema-graph\">{\"@context\":\"https:\/\/schema.org\",\"@graph\":[{\"@type\":\"WebPage\",\"@id\":\"https:\/\/www.schoenator.com\/index.php\/about-2\/\",\"url\":\"https:\/\/www.schoenator.com\/index.php\/about-2\/\",\"name\":\"About - Der Sch\u00f6nator\",\"isPartOf\":{\"@id\":\"https:\/\/www.schoenator.com\/#website\"},\"datePublished\":\"2020-04-13T11:18:52+00:00\",\"dateModified\":\"2021-03-13T10:49:13+00:00\",\"breadcrumb\":{\"@id\":\"https:\/\/www.schoenator.com\/index.php\/about-2\/#breadcrumb\"},\"inLanguage\":\"de\",\"potentialAction\":[{\"@type\":\"ReadAction\",\"target\":[\"https:\/\/www.schoenator.com\/index.php\/about-2\/\"]}]},{\"@type\":\"BreadcrumbList\",\"@id\":\"https:\/\/www.schoenator.com\/index.php\/about-2\/#breadcrumb\",\"itemListElement\":[{\"@type\":\"ListItem\",\"position\":1,\"name\":\"Home\",\"item\":\"https:\/\/www.schoenator.com\/\"},{\"@type\":\"ListItem\",\"position\":2,\"name\":\"About\"}]},{\"@type\":\"WebSite\",\"@id\":\"https:\/\/www.schoenator.com\/#website\",\"url\":\"https:\/\/www.schoenator.com\/\",\"name\":\"Der Sch\u00f6nator\",\"description\":\"Das ultimative Event\",\"publisher\":{\"@id\":\"https:\/\/www.schoenator.com\/#organization\"},\"potentialAction\":[{\"@type\":\"SearchAction\",\"target\":{\"@type\":\"EntryPoint\",\"urlTemplate\":\"https:\/\/www.schoenator.com\/?s={search_term_string}\"},\"query-input\":\"required name=search_term_string\"}],\"inLanguage\":\"de\"},{\"@type\":\"Organization\",\"@id\":\"https:\/\/www.schoenator.com\/#organization\",\"name\":\"Der Sch\u00f6nator\",\"url\":\"https:\/\/www.schoenator.com\/\",\"logo\":{\"@type\":\"ImageObject\",\"inLanguage\":\"de\",\"@id\":\"https:\/\/www.schoenator.com\/#\/schema\/logo\/image\/\",\"url\":\"https:\/\/www.schoenator.com\/wp-content\/uploads\/2021\/03\/cropped-cropped-Bildschirmfoto-2021-02-24-um-15.39.36-2.png\",\"contentUrl\":\"https:\/\/www.schoenator.com\/wp-content\/uploads\/2021\/03\/cropped-cropped-Bildschirmfoto-2021-02-24-um-15.39.36-2.png\",\"width\":512,\"height\":512,\"caption\":\"Der Sch\u00f6nator\"},\"image\":{\"@id\":\"https:\/\/www.schoenator.com\/#\/schema\/logo\/image\/\"}}]}<\/script>\n<!-- \/ Yoast SEO plugin. -->","yoast_head_json":{"title":"About - Der Sch\u00f6nator","robots":{"index":"index","follow":"follow","max-snippet":"max-snippet:-1","max-image-preview":"max-image-preview:large","max-video-preview":"max-video-preview:-1"},"canonical":"https:\/\/www.schoenator.com\/index.php\/about-2\/","og_locale":"de_DE","og_type":"article","og_title":"About - Der Sch\u00f6nator","og_description":"Historie Sch\u00f6nator 2020 Der erste Sch\u00f6nator fand am 5. April 2020 als Hommage an den ausgefallenen Palmator statt. Diesen ersten Lauf absolvierten neben mir ein Vater mit seinen beiden Kindern. Die weiteren Teilnehmer konzentrierten sich eher \u00a0auf den fl\u00fcssigen Teil des Sch\u00f6nators und \u00fcbten sich im Bockbiertrinken. Mit diesen \u00fcberw\u00e4ltigenden Eindr\u00fccken und dem gro\u00dfen \u00f6ffentlichen &hellip; About Weiterlesen &raquo;","og_url":"https:\/\/www.schoenator.com\/index.php\/about-2\/","og_site_name":"Der Sch\u00f6nator","article_modified_time":"2021-03-13T10:49:13+00:00","twitter_card":"summary_large_image","twitter_misc":{"Gesch\u00e4tzte Lesezeit":"1\u00a0Minute"},"schema":{"@context":"https:\/\/schema.org","@graph":[{"@type":"WebPage","@id":"https:\/\/www.schoenator.com\/index.php\/about-2\/","url":"https:\/\/www.schoenator.com\/index.php\/about-2\/","name":"About - Der Sch\u00f6nator","isPartOf":{"@id":"https:\/\/www.schoenator.com\/#website"},"datePublished":"2020-04-13T11:18:52+00:00","dateModified":"2021-03-13T10:49:13+00:00","breadcrumb":{"@id":"https:\/\/www.schoenator.com\/index.php\/about-2\/#breadcrumb"},"inLanguage":"de","potentialAction":[{"@type":"ReadAction","target":["https:\/\/www.schoenator.com\/index.php\/about-2\/"]}]},{"@type":"BreadcrumbList","@id":"https:\/\/www.schoenator.com\/index.php\/about-2\/#breadcrumb","itemListElement":[{"@type":"ListItem","position":1,"name":"Home","item":"https:\/\/www.schoenator.com\/"},{"@type":"ListItem","position":2,"name":"About"}]},{"@type":"WebSite","@id":"https:\/\/www.schoenator.com\/#website","url":"https:\/\/www.schoenator.com\/","name":"Der Sch\u00f6nator","description":"Das ultimative Event","publisher":{"@id":"https:\/\/www.schoenator.com\/#organization"},"potentialAction":[{"@type":"SearchAction","target":{"@type":"EntryPoint","urlTemplate":"https:\/\/www.schoenator.com\/?s={search_term_string}"},"query-input":"required name=search_term_string"}],"inLanguage":"de"},{"@type":"Organization","@id":"https:\/\/www.schoenator.com\/#organization","name":"Der Sch\u00f6nator","url":"https:\/\/www.schoenator.com\/","logo":{"@type":"ImageObject","inLanguage":"de","@id":"https:\/\/www.schoenator.com\/#\/schema\/logo\/image\/","url":"https:\/\/www.schoenator.com\/wp-content\/uploads\/2021\/03\/cropped-cropped-Bildschirmfoto-2021-02-24-um-15.39.36-2.png","contentUrl":"https:\/\/www.schoenator.com\/wp-content\/uploads\/2021\/03\/cropped-cropped-Bildschirmfoto-2021-02-24-um-15.39.36-2.png","width":512,"height":512,"caption":"Der Sch\u00f6nator"},"image":{"@id":"https:\/\/www.schoenator.com\/#\/schema\/logo\/image\/"}}]}},"_links":{"self":[{"href":"https:\/\/www.schoenator.com\/index.php\/wp-json\/wp\/v2\/pages\/608"}],"collection":[{"href":"https:\/\/www.schoenator.com\/index.php\/wp-json\/wp\/v2\/pages"}],"about":[{"href":"https:\/\/www.schoenator.com\/index.php\/wp-json\/wp\/v2\/types\/page"}],"author":[{"embeddable":true,"href":"https:\/\/www.schoenator.com\/index.php\/wp-json\/wp\/v2\/users\/1"}],"replies":[{"embeddable":true,"href":"https:\/\/www.schoenator.com\/index.php\/wp-json\/wp\/v2\/comments?post=608"}],"version-history":[{"count":25,"href":"https:\/\/www.schoenator.com\/index.php\/wp-json\/wp\/v2\/pages\/608\/revisions"}],"predecessor-version":[{"id":707,"href":"https:\/\/www.schoenator.com\/index.php\/wp-json\/wp\/v2\/pages\/608\/revisions\/707"}],"wp:attachment":[{"href":"https:\/\/www.schoenator.com\/index.php\/wp-json\/wp\/v2\/media?parent=608"}],"curies":[{"name":"wp","href":"https:\/\/api.w.org\/{rel}","templated":true}]}}